{"id":10510,"date":"2024-08-09T07:27:37","date_gmt":"2024-08-09T07:27:37","guid":{"rendered":"https:\/\/canbenetvives.org\/?page_id=10510"},"modified":"2024-10-03T19:17:46","modified_gmt":"2024-10-03T19:17:46","slug":"historia","status":"publish","type":"page","link":"https:\/\/canbenetvives.org\/catala\/historia","title":{"rendered":"historia"},"content":{"rendered":"\t\t<div data-elementor-type=\"wp-page\" data-elementor-id=\"10510\" class=\"elementor elementor-10510\" data-elementor-post-type=\"page\">\n\t\t\t\t<div class=\"elementor-element elementor-element-37c07a6 e-con-full e-flex e-con e-parent\" data-id=\"37c07a6\" data-element_type=\"container\" data-e-type=\"container\" data-settings=\"{&quot;background_background&quot;:&quot;classic&quot;,&quot;background_motion_fx_range&quot;:&quot;page&quot;,&quot;background_motion_fx_motion_fx_scrolling&quot;:&quot;yes&quot;,&quot;background_motion_fx_opacity_effect&quot;:&quot;yes&quot;,&quot;background_motion_fx_opacity_direction&quot;:&quot;in-out&quot;,&quot;background_motion_fx_opacity_level&quot;:{&quot;unit&quot;:&quot;px&quot;,&quot;size&quot;:10,&quot;sizes&quot;:[]},&quot;background_motion_fx_opacity_range&quot;:{&quot;unit&quot;:&quot;%&quot;,&quot;size&quot;:&quot;&quot;,&quot;sizes&quot;:{&quot;start&quot;:20,&quot;end&quot;:80}},&quot;background_motion_fx_devices&quot;:[&quot;widescreen&quot;,&quot;desktop&quot;,&quot;laptop&quot;,&quot;tablet_extra&quot;,&quot;tablet&quot;,&quot;mobile_extra&quot;,&quot;mobile&quot;]}\">\n\t\t\t\t<div class=\"elementor-element elementor-element-fe2f0b0 titulo elementor-widget elementor-widget-heading\" data-id=\"fe2f0b0\" data-element_type=\"widget\" data-e-type=\"widget\" data-widget_type=\"heading.default\">\n\t\t\t\t<div class=\"elementor-widget-container\">\n\t\t\t\t\t<h1 class=\"elementor-heading-title elementor-size-default\">Historia<\/h1>\t\t\t\t<\/div>\n\t\t\t\t<\/div>\n\t\t\t\t<\/div>\n\t\t<div class=\"elementor-element elementor-element-9fccb1b e-con-full e-flex e-con e-parent\" data-id=\"9fccb1b\" data-element_type=\"container\" data-e-type=\"container\">\n\t\t\t\t<div class=\"elementor-element elementor-element-6fd2565 titulo-seccion elementor-widget elementor-widget-heading\" data-id=\"6fd2565\" data-element_type=\"widget\" data-e-type=\"widget\" data-widget_type=\"heading.default\">\n\t\t\t\t<div class=\"elementor-widget-container\">\n\t\t\t\t\t<h2 class=\"elementor-heading-title elementor-size-default\">Fue el a\u00f1o 1997<\/h2>\t\t\t\t<\/div>\n\t\t\t\t<\/div>\n\t\t\t\t<div class=\"elementor-element elementor-element-27d779a parrafo-Animate elementor-widget elementor-widget-text-editor\" data-id=\"27d779a\" data-element_type=\"widget\" data-e-type=\"widget\" data-widget_type=\"text-editor.default\">\n\t\t\t\t<div class=\"elementor-widget-container\">\n\t\t\t\t\t\t\t\t\t<p>cuando dej\u00e9 mi plaza de profesor universitario en Salamanca, tras d\u00e9cadas de dedicarme en exclusivo a la ciencia y a la docencia, y empec\u00e9 a usar todo lo que hab\u00eda aprendido para esforzarme en desarrollar mis capacidades como ser humano y ponerme al servicio de los dem\u00e1s.<\/p><p>Viaj\u00e9 por diversos lugares y pa\u00edses ex\u00f3ticos, trabaj\u00e9 en centros hermosos atendidos por personas muy amables, pero no acababa de encontrar el espacio ideal para realizar mis cursos, talleres y seminarios sobre estados expandidos de la consciencia.<\/p>\t\t\t\t\t\t\t\t<\/div>\n\t\t\t\t<\/div>\n\t\t\t\t<div class=\"elementor-element elementor-element-73c9ed5 elementor-absolute elementor-widget elementor-widget-image\" data-id=\"73c9ed5\" data-element_type=\"widget\" data-e-type=\"widget\" data-settings=\"{&quot;_position&quot;:&quot;absolute&quot;}\" data-widget_type=\"image.default\">\n\t\t\t\t<div class=\"elementor-widget-container\">\n\t\t\t\t\t\t\t\t\t\t\t\t\t\t\t<img fetchpriority=\"high\" decoding=\"async\" width=\"1351\" height=\"1625\" src=\"https:\/\/canbenetvives.org\/wp-content\/uploads\/2024\/08\/simbolos-1.jpg\" class=\"attachment-full size-full wp-image-12880\" alt=\"\" srcset=\"https:\/\/canbenetvives.org\/wp-content\/uploads\/2024\/08\/simbolos-1.jpg 1351w, https:\/\/canbenetvives.org\/wp-content\/uploads\/2024\/08\/simbolos-1-249x300.jpg 249w, https:\/\/canbenetvives.org\/wp-content\/uploads\/2024\/08\/simbolos-1-851x1024.jpg 851w, https:\/\/canbenetvives.org\/wp-content\/uploads\/2024\/08\/simbolos-1-768x924.jpg 768w, https:\/\/canbenetvives.org\/wp-content\/uploads\/2024\/08\/simbolos-1-1277x1536.jpg 1277w, https:\/\/canbenetvives.org\/wp-content\/uploads\/2024\/08\/simbolos-1-1080x1299.jpg 1080w, https:\/\/canbenetvives.org\/wp-content\/uploads\/2024\/08\/simbolos-1-1280x1540.jpg 1280w, https:\/\/canbenetvives.org\/wp-content\/uploads\/2024\/08\/simbolos-1-980x1179.jpg 980w, https:\/\/canbenetvives.org\/wp-content\/uploads\/2024\/08\/simbolos-1-480x577.jpg 480w\" sizes=\"(max-width: 1351px) 100vw, 1351px\" \/>\t\t\t\t\t\t\t\t\t\t\t\t\t\t\t<\/div>\n\t\t\t\t<\/div>\n\t\t\t\t<\/div>\n\t\t<div class=\"elementor-element elementor-element-5a4a2a7 e-con-full e-flex e-con e-parent\" data-id=\"5a4a2a7\" data-element_type=\"container\" data-e-type=\"container\" data-settings=\"{&quot;background_background&quot;:&quot;classic&quot;}\">\n\t\t<div class=\"elementor-element elementor-element-36f70a1 e-con-full e-flex e-con e-child\" data-id=\"36f70a1\" data-element_type=\"container\" data-e-type=\"container\" data-settings=\"{&quot;background_background&quot;:&quot;slideshow&quot;,&quot;background_slideshow_gallery&quot;:[{&quot;id&quot;:11283,&quot;url&quot;:&quot;https:\\\/\\\/canbenetvives.org\\\/wp-content\\\/uploads\\\/2024\\\/08\\\/N5285_flip.webp&quot;},{&quot;id&quot;:11144,&quot;url&quot;:&quot;https:\\\/\\\/canbenetvives.org\\\/wp-content\\\/uploads\\\/2024\\\/08\\\/terreno-3.jpg&quot;},{&quot;id&quot;:11265,&quot;url&quot;:&quot;https:\\\/\\\/canbenetvives.org\\\/wp-content\\\/uploads\\\/2024\\\/08\\\/DSC4966.webp&quot;}],&quot;background_slideshow_slide_duration&quot;:4500,&quot;background_slideshow_ken_burns&quot;:&quot;yes&quot;,&quot;background_slideshow_ken_burns_zoom_direction&quot;:&quot;out&quot;,&quot;background_slideshow_loop&quot;:&quot;yes&quot;,&quot;background_slideshow_slide_transition&quot;:&quot;fade&quot;,&quot;background_slideshow_transition_duration&quot;:500}\">\n\t\t\t\t<\/div>\n\t\t<div class=\"elementor-element elementor-element-de01916 e-con-full e-flex e-con e-child\" data-id=\"de01916\" data-element_type=\"container\" data-e-type=\"container\">\n\t\t\t\t<div class=\"elementor-element elementor-element-c3e59e5 parrafo-Animate elementor-widget elementor-widget-text-editor\" data-id=\"c3e59e5\" data-element_type=\"widget\" data-e-type=\"widget\" data-widget_type=\"text-editor.default\">\n\t\t\t\t<div class=\"elementor-widget-container\">\n\t\t\t\t\t\t\t\t\t<p>En el a\u00f1o 2002, arropado por un grupo de amigos, nos lanzamos a buscar un lugar adecuado para fundar un centro dedicado al trabajo interior, a la espiritualidad pr\u00e1ctica.<\/p><p>Tras dos a\u00f1os de b\u00fasqueda, encontramos un precioso y armonioso espacio natural, el lugar casi perfecto: can Benet Vives.<\/p><p>Est\u00e1 cerca de Barcelona capital, bien comunicado a la vez que aislado en medio del Parque Natural del Montnegre, m\u00e1s de ocho hect\u00e1reas de monta\u00f1a cerca del mar, agua natural abundante, naturaleza exuberante\u2026 \u00a1Manos a la obra!<\/p>\t\t\t\t\t\t\t\t<\/div>\n\t\t\t\t<\/div>\n\t\t\t\t<div class=\"elementor-element elementor-element-14b0ca0 elementor-absolute elementor-widget__width-inherit elementor-widget elementor-widget-image\" data-id=\"14b0ca0\" data-element_type=\"widget\" data-e-type=\"widget\" data-settings=\"{&quot;_position&quot;:&quot;absolute&quot;}\" data-widget_type=\"image.default\">\n\t\t\t\t<div class=\"elementor-widget-container\">\n\t\t\t\t\t\t\t\t\t\t\t\t\t\t\t<img decoding=\"async\" width=\"150\" height=\"176\" src=\"https:\/\/canbenetvives.org\/wp-content\/uploads\/2024\/08\/simbolos-7.png\" class=\"attachment-full size-full wp-image-12894\" alt=\"\" \/>\t\t\t\t\t\t\t\t\t\t\t\t\t\t\t<\/div>\n\t\t\t\t<\/div>\n\t\t\t\t<\/div>\n\t\t\t\t<\/div>\n\t\t<div class=\"elementor-element elementor-element-f40b5cf e-con-full e-flex e-con e-parent\" data-id=\"f40b5cf\" data-element_type=\"container\" data-e-type=\"container\" data-settings=\"{&quot;background_background&quot;:&quot;classic&quot;}\">\n\t\t<div class=\"elementor-element elementor-element-6adbb2b e-con-full e-flex e-con e-child\" data-id=\"6adbb2b\" data-element_type=\"container\" data-e-type=\"container\">\n\t\t\t\t<div class=\"elementor-element elementor-element-f32196d parrafo-Animate elementor-widget elementor-widget-text-editor\" data-id=\"f32196d\" data-element_type=\"widget\" data-e-type=\"widget\" data-widget_type=\"text-editor.default\">\n\t\t\t\t<div class=\"elementor-widget-container\">\n\t\t\t\t\t\t\t\t\t<p>Desde entonces hasta ahora se han adecuado espacios para alojaros y para realizar actividades de todo tipo relacionadas con nuestro objetivo:<\/p><p>desde experimentar catarsis y estados expandidos de consciencia, hasta el silencio de la meditaci\u00f3n zen s\u00f3lo roto por el sonido cristalino del agua saltando sobre las piedras en nuestro peque\u00f1o estanque de la entrada.<\/p><p>Tambi\u00e9n creamos espacios para impartir seminarios te\u00f3ricos y hasta para alojar sesiones de m\u00fasica ext\u00e1tica.<\/p>\t\t\t\t\t\t\t\t<\/div>\n\t\t\t\t<\/div>\n\t\t\t\t<\/div>\n\t\t<div class=\"elementor-element elementor-element-bd85b84 e-con-full e-flex e-con e-child\" data-id=\"bd85b84\" data-element_type=\"container\" data-e-type=\"container\" data-settings=\"{&quot;background_background&quot;:&quot;slideshow&quot;,&quot;background_slideshow_gallery&quot;:[{&quot;id&quot;:11311,&quot;url&quot;:&quot;https:\\\/\\\/canbenetvives.org\\\/wp-content\\\/uploads\\\/2024\\\/08\\\/talleres.jpg&quot;},{&quot;id&quot;:13192,&quot;url&quot;:&quot;https:\\\/\\\/canbenetvives.org\\\/wp-content\\\/uploads\\\/2024\\\/08\\\/IMG_0273-2.jpg&quot;},{&quot;id&quot;:13198,&quot;url&quot;:&quot;https:\\\/\\\/canbenetvives.org\\\/wp-content\\\/uploads\\\/2024\\\/08\\\/IMG_0238.jpg&quot;},{&quot;id&quot;:13201,&quot;url&quot;:&quot;https:\\\/\\\/canbenetvives.org\\\/wp-content\\\/uploads\\\/2024\\\/08\\\/IMG_0241.jpg&quot;}],&quot;background_slideshow_slide_duration&quot;:4500,&quot;background_slideshow_ken_burns&quot;:&quot;yes&quot;,&quot;background_slideshow_ken_burns_zoom_direction&quot;:&quot;out&quot;,&quot;background_slideshow_loop&quot;:&quot;yes&quot;,&quot;background_slideshow_slide_transition&quot;:&quot;fade&quot;,&quot;background_slideshow_transition_duration&quot;:500}\">\n\t\t\t\t<\/div>\n\t\t\t\t<\/div>\n\t\t<div class=\"elementor-element elementor-element-950022d e-con-full e-flex e-con e-parent\" data-id=\"950022d\" data-element_type=\"container\" data-e-type=\"container\" data-settings=\"{&quot;background_background&quot;:&quot;classic&quot;}\">\n\t\t<div class=\"elementor-element elementor-element-e52a020 e-con-full e-flex e-con e-child\" data-id=\"e52a020\" data-element_type=\"container\" data-e-type=\"container\" data-settings=\"{&quot;background_background&quot;:&quot;slideshow&quot;,&quot;background_slideshow_gallery&quot;:[{&quot;id&quot;:12343,&quot;url&quot;:&quot;https:\\\/\\\/canbenetvives.org\\\/wp-content\\\/uploads\\\/2024\\\/08\\\/DSC5399.jpg&quot;},{&quot;id&quot;:11299,&quot;url&quot;:&quot;https:\\\/\\\/canbenetvives.org\\\/wp-content\\\/uploads\\\/2024\\\/08\\\/ven-grupo-6.jpg&quot;},{&quot;id&quot;:11269,&quot;url&quot;:&quot;https:\\\/\\\/canbenetvives.org\\\/wp-content\\\/uploads\\\/2024\\\/08\\\/DSC5423.webp&quot;}],&quot;background_slideshow_slide_duration&quot;:4500,&quot;background_slideshow_ken_burns&quot;:&quot;yes&quot;,&quot;background_slideshow_ken_burns_zoom_direction&quot;:&quot;out&quot;,&quot;background_slideshow_loop&quot;:&quot;yes&quot;,&quot;background_slideshow_slide_transition&quot;:&quot;fade&quot;,&quot;background_slideshow_transition_duration&quot;:500}\">\n\t\t\t\t<\/div>\n\t\t<div class=\"elementor-element elementor-element-f4d81f0 e-con-full e-flex e-con e-child\" data-id=\"f4d81f0\" data-element_type=\"container\" data-e-type=\"container\">\n\t\t\t\t<div class=\"elementor-element elementor-element-122ac20 parrafo-Animate elementor-widget elementor-widget-text-editor\" data-id=\"122ac20\" data-element_type=\"widget\" data-e-type=\"widget\" data-widget_type=\"text-editor.default\">\n\t\t\t\t<div class=\"elementor-widget-container\">\n\t\t\t\t\t\t\t\t\t<p>Durante los primeros cuatro a\u00f1os trabajamos concienzudamente para dotar el centro de todo aquello que, siendo exigente de car\u00e1cter como soy, quiero que est\u00e9 a mi disposici\u00f3n para trabajar y obtener resultados \u00f3ptimos:<\/p><p>salas con la iluminaci\u00f3n y ambientaci\u00f3n adecuadas, sauna, tecnolog\u00eda de calidad para reproducir m\u00fasica e imagen, habitaciones no lujosas pero s\u00ed confortables.<\/p><p>Un equipo humano que no solo sea eficaz en su tarea profesional sino que comprenda lo que sucede a las personas cuando vivimos procesos de transformaci\u00f3n y pueda atendernos con amor y respeto, espacios armonizados siguiendo leyes milenarias de saludable adecuaci\u00f3n energ\u00e9tica y tel\u00farica, ambiente familiar respetando la individualidad.<\/p>\t\t\t\t\t\t\t\t<\/div>\n\t\t\t\t<\/div>\n\t\t\t\t<div class=\"elementor-element elementor-element-41884b2 elementor-absolute elementor-widget__width-inherit elementor-widget elementor-widget-image\" data-id=\"41884b2\" data-element_type=\"widget\" data-e-type=\"widget\" data-settings=\"{&quot;_position&quot;:&quot;absolute&quot;}\" data-widget_type=\"image.default\">\n\t\t\t\t<div class=\"elementor-widget-container\">\n\t\t\t\t\t\t\t\t\t\t\t\t\t\t\t<img decoding=\"async\" width=\"300\" height=\"300\" src=\"https:\/\/canbenetvives.org\/wp-content\/uploads\/2024\/08\/simbolos-24.png\" class=\"attachment-full size-full wp-image-12872\" alt=\"\" srcset=\"https:\/\/canbenetvives.org\/wp-content\/uploads\/2024\/08\/simbolos-24.png 300w, https:\/\/canbenetvives.org\/wp-content\/uploads\/2024\/08\/simbolos-24-150x150.png 150w\" sizes=\"(max-width: 300px) 100vw, 300px\" \/>\t\t\t\t\t\t\t\t\t\t\t\t\t\t\t<\/div>\n\t\t\t\t<\/div>\n\t\t\t\t<\/div>\n\t\t\t\t<\/div>\n\t\t<div class=\"elementor-element elementor-element-f2e5d1f e-con-full e-flex e-con e-parent\" data-id=\"f2e5d1f\" data-element_type=\"container\" data-e-type=\"container\">\n\t\t\t\t<div class=\"elementor-element elementor-element-b2c918d elementor-skin-carousel elementor-widget elementor-widget-media-carousel\" data-id=\"b2c918d\" data-element_type=\"widget\" data-e-type=\"widget\" data-settings=\"{&quot;slides_per_view&quot;:&quot;3&quot;,&quot;slides_to_scroll&quot;:&quot;1&quot;,&quot;space_between&quot;:{&quot;unit&quot;:&quot;px&quot;,&quot;size&quot;:5,&quot;sizes&quot;:[]},&quot;autoplay_speed&quot;:2000,&quot;skin&quot;:&quot;carousel&quot;,&quot;effect&quot;:&quot;slide&quot;,&quot;speed&quot;:500,&quot;autoplay&quot;:&quot;yes&quot;,&quot;loop&quot;:&quot;yes&quot;,&quot;space_between_widescreen&quot;:{&quot;unit&quot;:&quot;px&quot;,&quot;size&quot;:10,&quot;sizes&quot;:[]},&quot;space_between_laptop&quot;:{&quot;unit&quot;:&quot;px&quot;,&quot;size&quot;:10,&quot;sizes&quot;:[]},&quot;space_between_tablet_extra&quot;:{&quot;unit&quot;:&quot;px&quot;,&quot;size&quot;:10,&quot;sizes&quot;:[]},&quot;space_between_tablet&quot;:{&quot;unit&quot;:&quot;px&quot;,&quot;size&quot;:10,&quot;sizes&quot;:[]},&quot;space_between_mobile_extra&quot;:{&quot;unit&quot;:&quot;px&quot;,&quot;size&quot;:10,&quot;sizes&quot;:[]},&quot;space_between_mobile&quot;:{&quot;unit&quot;:&quot;px&quot;,&quot;size&quot;:10,&quot;sizes&quot;:[]}}\" data-widget_type=\"media-carousel.default\">\n\t\t\t\t<div class=\"elementor-widget-container\">\n\t\t\t\t\t\t\t\t\t<div class=\"elementor-swiper\">\n\t\t\t\t\t<div class=\"elementor-main-swiper swiper\" role=\"region\" aria-roledescription=\"carousel\" aria-label=\"Slides\">\n\t\t\t\t<div class=\"swiper-wrapper\">\n\t\t\t\t\t\t\t\t\t\t\t<div class=\"swiper-slide\" role=\"group\" aria-roledescription=\"slide\">\n\t\t\t\t\t\t\t\t\t<div class=\"elementor-carousel-image\" role=\"img\" aria-label=\"antiguas (27)\" style=\"background-image: url(&#039;https:\/\/canbenetvives.org\/wp-content\/uploads\/2024\/08\/antiguas-27.jpg&#039;)\">\n\n\t\t\t\n\t\t\t\t\t<\/div>\n\t\t\t\t\t\t\t\t<\/div>\n\t\t\t\t\t\t\t\t\t\t\t<div class=\"swiper-slide\" role=\"group\" aria-roledescription=\"slide\">\n\t\t\t\t\t\t\t\t\t<div class=\"elementor-carousel-image\" role=\"img\" aria-label=\"_DSC6878\" style=\"background-image: url(&#039;https:\/\/canbenetvives.org\/wp-content\/uploads\/2024\/08\/DSC6878.webp&#039;)\">\n\n\t\t\t\n\t\t\t\t\t<\/div>\n\t\t\t\t\t\t\t\t<\/div>\n\t\t\t\t\t\t\t\t\t\t\t<div class=\"swiper-slide\" role=\"group\" aria-roledescription=\"slide\">\n\t\t\t\t\t\t\t\t\t<div class=\"elementor-carousel-image\" role=\"img\" aria-label=\"antiguas (22)\" style=\"background-image: url(&#039;https:\/\/canbenetvives.org\/wp-content\/uploads\/2024\/08\/antiguas-22.jpg&#039;)\">\n\n\t\t\t\n\t\t\t\t\t<\/div>\n\t\t\t\t\t\t\t\t<\/div>\n\t\t\t\t\t\t\t\t\t\t\t<div class=\"swiper-slide\" role=\"group\" aria-roledescription=\"slide\">\n\t\t\t\t\t\t\t\t\t<div class=\"elementor-carousel-image\" role=\"img\" aria-label=\"antiguas (1)\" style=\"background-image: url(&#039;https:\/\/canbenetvives.org\/wp-content\/uploads\/2024\/08\/antiguas-1-1.jpeg&#039;)\">\n\n\t\t\t\n\t\t\t\t\t<\/div>\n\t\t\t\t\t\t\t\t<\/div>\n\t\t\t\t\t\t\t\t\t\t\t<div class=\"swiper-slide\" role=\"group\" aria-roledescription=\"slide\">\n\t\t\t\t\t\t\t\t\t<div class=\"elementor-carousel-image\" role=\"img\" aria-label=\"fotos-Julen (1)\" style=\"background-image: url(&#039;https:\/\/canbenetvives.org\/wp-content\/uploads\/2024\/08\/fotos-Julen-1.jpeg&#039;)\">\n\n\t\t\t\n\t\t\t\t\t<\/div>\n\t\t\t\t\t\t\t\t<\/div>\n\t\t\t\t\t\t\t\t\t\t\t<div class=\"swiper-slide\" role=\"group\" aria-roledescription=\"slide\">\n\t\t\t\t\t\t\t\t\t<div class=\"elementor-carousel-image\" role=\"img\" aria-label=\"antiguas (9)\" style=\"background-image: url(&#039;https:\/\/canbenetvives.org\/wp-content\/uploads\/2024\/08\/antiguas-9.jpg&#039;)\">\n\n\t\t\t\n\t\t\t\t\t<\/div>\n\t\t\t\t\t\t\t\t<\/div>\n\t\t\t\t\t\t\t\t\t\t\t<div class=\"swiper-slide\" role=\"group\" aria-roledescription=\"slide\">\n\t\t\t\t\t\t\t\t\t<div class=\"elementor-carousel-image\" role=\"img\" aria-label=\"foto historia\" style=\"background-image: url(&#039;https:\/\/canbenetvives.org\/wp-content\/uploads\/2024\/08\/foto-historia.jpeg&#039;)\">\n\n\t\t\t\n\t\t\t\t\t<\/div>\n\t\t\t\t\t\t\t\t<\/div>\n\t\t\t\t\t\t\t\t\t\t\t<div class=\"swiper-slide\" role=\"group\" aria-roledescription=\"slide\">\n\t\t\t\t\t\t\t\t\t<div class=\"elementor-carousel-image\" role=\"img\" aria-label=\"antiguas (3)\" style=\"background-image: url(&#039;https:\/\/canbenetvives.org\/wp-content\/uploads\/2024\/08\/antiguas-3-1.jpg&#039;)\">\n\n\t\t\t\n\t\t\t\t\t<\/div>\n\t\t\t\t\t\t\t\t<\/div>\n\t\t\t\t\t\t\t\t\t<\/div>\n\t\t\t\t\t\t\t\t\t\t\t\t\t\t\t\t\t\t\t\t\t<\/div>\n\t\t\t\t<\/div>\n\t\t\t\t\t\t\t\t<\/div>\n\t\t\t\t<\/div>\n\t\t\t\t<\/div>\n\t\t<div class=\"elementor-element elementor-element-b365b4d e-con-full e-flex e-con e-parent\" data-id=\"b365b4d\" data-element_type=\"container\" data-e-type=\"container\" data-settings=\"{&quot;background_background&quot;:&quot;classic&quot;}\">\n\t\t<div class=\"elementor-element elementor-element-b865af0 e-con-full e-flex e-con e-child\" data-id=\"b865af0\" data-element_type=\"container\" data-e-type=\"container\" data-settings=\"{&quot;background_background&quot;:&quot;classic&quot;}\">\n\t\t\t\t<div class=\"elementor-element elementor-element-4378109 parrafo-Animate elementor-widget elementor-widget-text-editor\" data-id=\"4378109\" data-element_type=\"widget\" data-e-type=\"widget\" data-widget_type=\"text-editor.default\">\n\t\t\t\t<div class=\"elementor-widget-container\">\n\t\t\t\t\t\t\t\t\tAhora ya lo tengo y te ofrezco nuestras instalaciones para que las hagas tuyas. Hazlo.\t\t\t\t\t\t\t\t<\/div>\n\t\t\t\t<\/div>\n\t\t\t\t<div class=\"elementor-element elementor-element-8f1db96 elementor-widget elementor-widget-heading\" data-id=\"8f1db96\" data-element_type=\"widget\" data-e-type=\"widget\" data-widget_type=\"heading.default\">\n\t\t\t\t<div class=\"elementor-widget-container\">\n\t\t\t\t\t<h3 class=\"elementor-heading-title elementor-size-default\">Josep M\u00aa Fericgla<\/h3>\t\t\t\t<\/div>\n\t\t\t\t<\/div>\n\t\t\t\t<div class=\"elementor-element elementor-element-e96decb elementor-widget elementor-widget-image\" data-id=\"e96decb\" data-element_type=\"widget\" data-e-type=\"widget\" data-widget_type=\"image.default\">\n\t\t\t\t<div class=\"elementor-widget-container\">\n\t\t\t\t\t\t\t\t\t\t\t\t\t\t\t<img loading=\"lazy\" decoding=\"async\" width=\"235\" height=\"84\" src=\"https:\/\/canbenetvives.org\/wp-content\/uploads\/2024\/08\/firma-fericgla2.png\" class=\"attachment-full size-full wp-image-11567\" alt=\"\" \/>\t\t\t\t\t\t\t\t\t\t\t\t\t\t\t<\/div>\n\t\t\t\t<\/div>\n\t\t\t\t<\/div>\n\t\t\t\t<\/div>\n\t\t\t\t<\/div>\n\t\t","protected":false},"excerpt":{"rendered":"<p>Historia Fue el a\u00f1o 1997 cuando dej\u00e9 mi plaza de profesor universitario en Salamanca, tras d\u00e9cadas de dedicarme en exclusivo a la ciencia y a la docencia, y empec\u00e9 a usar todo lo que hab\u00eda aprendido para esforzarme en desarrollar mis capacidades como ser humano y ponerme al servicio de los dem\u00e1s. Viaj\u00e9 por diversos [&hellip;]<\/p>\n","protected":false},"author":97231,"featured_media":0,"parent":0,"menu_order":14,"comment_status":"closed","ping_status":"closed","template":"elementor_header_footer","meta":{"_acf_changed":false,"footnotes":""},"class_list":["post-10510","page","type-page","status-publish","hentry"],"acf":[],"_links":{"self":[{"href":"https:\/\/canbenetvives.org\/catala\/wp-json\/wp\/v2\/pages\/10510","targetHints":{"allow":["GET"]}}],"collection":[{"href":"https:\/\/canbenetvives.org\/catala\/wp-json\/wp\/v2\/pages"}],"about":[{"href":"https:\/\/canbenetvives.org\/catala\/wp-json\/wp\/v2\/types\/page"}],"author":[{"embeddable":true,"href":"https:\/\/canbenetvives.org\/catala\/wp-json\/wp\/v2\/users\/97231"}],"replies":[{"embeddable":true,"href":"https:\/\/canbenetvives.org\/catala\/wp-json\/wp\/v2\/comments?post=10510"}],"version-history":[{"count":0,"href":"https:\/\/canbenetvives.org\/catala\/wp-json\/wp\/v2\/pages\/10510\/revisions"}],"wp:attachment":[{"href":"https:\/\/canbenetvives.org\/catala\/wp-json\/wp\/v2\/media?parent=10510"}],"curies":[{"name":"wp","href":"https:\/\/api.w.org\/{rel}","templated":true}]}}