{"id":10525,"date":"2024-08-09T07:39:55","date_gmt":"2024-08-09T07:39:55","guid":{"rendered":"https:\/\/canbenetvives.org\/?page_id=10525"},"modified":"2024-10-03T18:32:18","modified_gmt":"2024-10-03T18:32:18","slug":"josep-ma-fericgla","status":"publish","type":"page","link":"https:\/\/canbenetvives.org\/english\/josep-ma-fericgla","title":{"rendered":"Josep M\u00aa Fericgla"},"content":{"rendered":"\t\t<div data-elementor-type=\"wp-page\" data-elementor-id=\"10525\" class=\"elementor elementor-10525\" data-elementor-post-type=\"page\">\n\t\t\t\t<div class=\"elementor-element elementor-element-24a70e8 e-con-full e-flex e-con e-parent\" data-id=\"24a70e8\" data-element_type=\"container\" data-e-type=\"container\" data-settings=\"{&quot;background_background&quot;:&quot;classic&quot;,&quot;background_motion_fx_range&quot;:&quot;page&quot;,&quot;background_motion_fx_motion_fx_scrolling&quot;:&quot;yes&quot;,&quot;background_motion_fx_opacity_effect&quot;:&quot;yes&quot;,&quot;background_motion_fx_opacity_direction&quot;:&quot;in-out&quot;,&quot;background_motion_fx_opacity_level&quot;:{&quot;unit&quot;:&quot;px&quot;,&quot;size&quot;:10,&quot;sizes&quot;:[]},&quot;background_motion_fx_opacity_range&quot;:{&quot;unit&quot;:&quot;%&quot;,&quot;size&quot;:&quot;&quot;,&quot;sizes&quot;:{&quot;start&quot;:20,&quot;end&quot;:80}},&quot;background_motion_fx_devices&quot;:[&quot;widescreen&quot;,&quot;desktop&quot;,&quot;laptop&quot;,&quot;tablet_extra&quot;,&quot;tablet&quot;,&quot;mobile_extra&quot;,&quot;mobile&quot;]}\">\n\t\t\t\t<div class=\"elementor-element elementor-element-4d30909 titulo elementor-widget elementor-widget-heading\" data-id=\"4d30909\" data-element_type=\"widget\" data-e-type=\"widget\" data-widget_type=\"heading.default\">\n\t\t\t\t<div class=\"elementor-widget-container\">\n\t\t\t\t\t<h1 class=\"elementor-heading-title elementor-size-default\">Dr. Josep M\u00aa Fericgla<\/h1>\t\t\t\t<\/div>\n\t\t\t\t<\/div>\n\t\t\t\t<\/div>\n\t\t<div class=\"elementor-element elementor-element-a7a13c4 e-con-full e-flex e-con e-parent\" data-id=\"a7a13c4\" data-element_type=\"container\" data-e-type=\"container\">\n\t\t\t\t<div class=\"elementor-element elementor-element-964eb86 titulo-seccion elementor-widget elementor-widget-heading\" data-id=\"964eb86\" data-element_type=\"widget\" data-e-type=\"widget\" data-widget_type=\"heading.default\">\n\t\t\t\t<div class=\"elementor-widget-container\">\n\t\t\t\t\t<h2 class=\"elementor-heading-title elementor-size-default\">Josep M\u00aa Fericgla | fundador y director<\/h2>\t\t\t\t<\/div>\n\t\t\t\t<\/div>\n\t\t\t\t<div class=\"elementor-element elementor-element-d8a9f5d parrafo-Animate elementor-widget elementor-widget-text-editor\" data-id=\"d8a9f5d\" data-element_type=\"widget\" data-e-type=\"widget\" data-widget_type=\"text-editor.default\">\n\t\t\t\t<div class=\"elementor-widget-container\">\n\t\t\t\t\t\t\t\t\t<p>Nacido en Barcelona en 1955, se interes\u00f3 desde joven por la antropolog\u00eda y las experiencias trascendentales.<\/p><p>Tras una experiencia espiritual a los 15 a\u00f1os, comenz\u00f3 a explorar diversas disciplinas, como la m\u00fasica y la psicolog\u00eda, hasta descubrir su verdadera vocaci\u00f3n en la antropolog\u00eda. Estudi\u00f3 simult\u00e1neamente psicolog\u00eda y antropolog\u00eda, dedic\u00e1ndose luego por completo a esta \u00faltima.<\/p><p>Vivi\u00f3 un tiempo en el campo, experimentando con pr\u00e1cticas primitivas y conectando profundamente con la naturaleza. Durante este per\u00edodo, tambi\u00e9n realiz\u00f3 investigaciones sobre chamanismo y escribi\u00f3 su primer libro, un cl\u00e1sico sobre la Amanita muscaria.<\/p>\t\t\t\t\t\t\t\t<\/div>\n\t\t\t\t<\/div>\n\t\t\t\t<div class=\"elementor-element elementor-element-3228fd3 elementor-absolute elementor-widget elementor-widget-image\" data-id=\"3228fd3\" data-element_type=\"widget\" data-e-type=\"widget\" data-settings=\"{&quot;_position&quot;:&quot;absolute&quot;}\" data-widget_type=\"image.default\">\n\t\t\t\t<div class=\"elementor-widget-container\">\n\t\t\t\t\t\t\t\t\t\t\t\t\t\t\t<img fetchpriority=\"high\" decoding=\"async\" width=\"1389\" height=\"1389\" src=\"https:\/\/canbenetvives.org\/wp-content\/uploads\/2024\/08\/simbolos-9.png\" class=\"attachment-full size-full wp-image-12898\" alt=\"\" srcset=\"https:\/\/canbenetvives.org\/wp-content\/uploads\/2024\/08\/simbolos-9.png 1389w, https:\/\/canbenetvives.org\/wp-content\/uploads\/2024\/08\/simbolos-9-300x300.png 300w, https:\/\/canbenetvives.org\/wp-content\/uploads\/2024\/08\/simbolos-9-1024x1024.png 1024w, https:\/\/canbenetvives.org\/wp-content\/uploads\/2024\/08\/simbolos-9-150x150.png 150w, https:\/\/canbenetvives.org\/wp-content\/uploads\/2024\/08\/simbolos-9-768x768.png 768w, https:\/\/canbenetvives.org\/wp-content\/uploads\/2024\/08\/simbolos-9-1080x1080.png 1080w, https:\/\/canbenetvives.org\/wp-content\/uploads\/2024\/08\/simbolos-9-1280x1280.png 1280w, https:\/\/canbenetvives.org\/wp-content\/uploads\/2024\/08\/simbolos-9-980x980.png 980w, https:\/\/canbenetvives.org\/wp-content\/uploads\/2024\/08\/simbolos-9-480x480.png 480w\" sizes=\"(max-width: 1389px) 100vw, 1389px\" \/>\t\t\t\t\t\t\t\t\t\t\t\t\t\t\t<\/div>\n\t\t\t\t<\/div>\n\t\t\t\t<\/div>\n\t\t<div class=\"elementor-element elementor-element-6576ced e-con-full e-flex e-con e-parent\" data-id=\"6576ced\" data-element_type=\"container\" data-e-type=\"container\" data-settings=\"{&quot;background_background&quot;:&quot;classic&quot;}\">\n\t\t<div class=\"elementor-element elementor-element-2b6600a e-con-full e-flex e-con e-child\" data-id=\"2b6600a\" data-element_type=\"container\" data-e-type=\"container\">\n\t\t\t\t<div class=\"elementor-element elementor-element-492bb40 parrafo-Animate elementor-widget elementor-widget-text-editor\" data-id=\"492bb40\" data-element_type=\"widget\" data-e-type=\"widget\" data-widget_type=\"text-editor.default\">\n\t\t\t\t<div class=\"elementor-widget-container\">\n\t\t\t\t\t\t\t\t\t<p>Doctorado en antropolog\u00eda, Fericgla se convirti\u00f3 en un experto mundial en chamanismo y en el uso de plantas psicoactivas como la ayahuasca.<\/p><p>Tras un grave accidente en 1997, su enfoque de vida cambi\u00f3 hacia el desarrollo interno y la ense\u00f1anza de estados expandidos de conciencia.<\/p><p>En el a\u00f1o 2000 fund\u00f3 la Societat d\u2019Etnopsicologia Aplicada i Estudis Cognitius y cre\u00f3 Can Benet Vives, donde actualmente organiza talleres y retiros espirituales, atrayendo a miles de personas en busca de desarrollo psicol\u00f3gico y espiritual.<\/p>\t\t\t\t\t\t\t\t<\/div>\n\t\t\t\t<\/div>\n\t\t\t\t<div class=\"elementor-element elementor-element-a5443ce elementor-align-left elementor-mobile-align-justify elementor-widget elementor-widget-button\" data-id=\"a5443ce\" data-element_type=\"widget\" data-e-type=\"widget\" data-widget_type=\"button.default\">\n\t\t\t\t<div class=\"elementor-widget-container\">\n\t\t\t\t\t\t\t\t\t<div class=\"elementor-button-wrapper\">\n\t\t\t\t\t<a class=\"elementor-button elementor-button-link elementor-size-sm\" href=\"https:\/\/josepmfericgla.org\/fericgla\/\" target=\"_blank\">\n\t\t\t\t\t\t<span class=\"elementor-button-content-wrapper\">\n\t\t\t\t\t\t\t\t\t<span class=\"elementor-button-text\">SABER M\u00c1S<\/span>\n\t\t\t\t\t<\/span>\n\t\t\t\t\t<\/a>\n\t\t\t\t<\/div>\n\t\t\t\t\t\t\t\t<\/div>\n\t\t\t\t<\/div>\n\t\t\t\t<div class=\"elementor-element elementor-element-f2e566b elementor-absolute elementor-widget__width-inherit elementor-widget elementor-widget-image\" data-id=\"f2e566b\" data-element_type=\"widget\" data-e-type=\"widget\" data-settings=\"{&quot;_position&quot;:&quot;absolute&quot;}\" data-widget_type=\"image.default\">\n\t\t\t\t<div class=\"elementor-widget-container\">\n\t\t\t\t\t\t\t\t\t\t\t\t\t\t\t<img decoding=\"async\" width=\"500\" height=\"507\" src=\"https:\/\/canbenetvives.org\/wp-content\/uploads\/2024\/08\/simbolos-18.png\" class=\"attachment-full size-full wp-image-12916\" alt=\"\" srcset=\"https:\/\/canbenetvives.org\/wp-content\/uploads\/2024\/08\/simbolos-18.png 500w, https:\/\/canbenetvives.org\/wp-content\/uploads\/2024\/08\/simbolos-18-296x300.png 296w, https:\/\/canbenetvives.org\/wp-content\/uploads\/2024\/08\/simbolos-18-480x487.png 480w\" sizes=\"(max-width: 500px) 100vw, 500px\" \/>\t\t\t\t\t\t\t\t\t\t\t\t\t\t\t<\/div>\n\t\t\t\t<\/div>\n\t\t\t\t<\/div>\n\t\t<div class=\"elementor-element elementor-element-3af1b6b e-con-full e-flex e-con e-child\" data-id=\"3af1b6b\" data-element_type=\"container\" data-e-type=\"container\" data-settings=\"{&quot;background_background&quot;:&quot;slideshow&quot;,&quot;background_slideshow_gallery&quot;:[{&quot;id&quot;:12554,&quot;url&quot;:&quot;https:\\\/\\\/canbenetvives.org\\\/wp-content\\\/uploads\\\/2024\\\/08\\\/fundacion_fericgla_j_m_fericgla_foto4-1.jpg&quot;},{&quot;id&quot;:12547,&quot;url&quot;:&quot;https:\\\/\\\/canbenetvives.org\\\/wp-content\\\/uploads\\\/2024\\\/08\\\/Fericgla-JM.jpg&quot;},{&quot;id&quot;:11283,&quot;url&quot;:&quot;https:\\\/\\\/canbenetvives.org\\\/wp-content\\\/uploads\\\/2024\\\/08\\\/N5285_flip.webp&quot;}],&quot;background_slideshow_slide_duration&quot;:4500,&quot;background_slideshow_ken_burns&quot;:&quot;yes&quot;,&quot;background_slideshow_ken_burns_zoom_direction&quot;:&quot;out&quot;,&quot;background_slideshow_loop&quot;:&quot;yes&quot;,&quot;background_slideshow_slide_transition&quot;:&quot;fade&quot;,&quot;background_slideshow_transition_duration&quot;:500}\">\n\t\t\t\t<\/div>\n\t\t\t\t<\/div>\n\t\t<div class=\"elementor-element elementor-element-2f33b97 e-con-full e-flex e-con e-parent\" data-id=\"2f33b97\" data-element_type=\"container\" data-e-type=\"container\" data-settings=\"{&quot;background_background&quot;:&quot;classic&quot;}\">\n\t\t<div class=\"elementor-element elementor-element-4fa3e7e e-con-full e-flex e-con e-child\" data-id=\"4fa3e7e\" data-element_type=\"container\" data-e-type=\"container\" data-settings=\"{&quot;background_background&quot;:&quot;slideshow&quot;,&quot;background_slideshow_gallery&quot;:[{&quot;id&quot;:12057,&quot;url&quot;:&quot;https:\\\/\\\/canbenetvives.org\\\/wp-content\\\/uploads\\\/2024\\\/08\\\/bb.jpg&quot;},{&quot;id&quot;:11311,&quot;url&quot;:&quot;https:\\\/\\\/canbenetvives.org\\\/wp-content\\\/uploads\\\/2024\\\/08\\\/talleres.jpg&quot;}],&quot;background_slideshow_slide_duration&quot;:4500,&quot;background_slideshow_ken_burns&quot;:&quot;yes&quot;,&quot;background_slideshow_ken_burns_zoom_direction&quot;:&quot;out&quot;,&quot;background_slideshow_loop&quot;:&quot;yes&quot;,&quot;background_slideshow_slide_transition&quot;:&quot;fade&quot;,&quot;background_slideshow_transition_duration&quot;:500}\">\n\t\t\t\t<\/div>\n\t\t<div class=\"elementor-element elementor-element-4b95445 e-con-full e-flex e-con e-child\" data-id=\"4b95445\" data-element_type=\"container\" data-e-type=\"container\">\n\t\t\t\t<div class=\"elementor-element elementor-element-b455796 parrafo-Animate elementor-widget elementor-widget-text-editor\" data-id=\"b455796\" data-element_type=\"widget\" data-e-type=\"widget\" data-widget_type=\"text-editor.default\">\n\t\t\t\t<div class=\"elementor-widget-container\">\n\t\t\t\t\t\t\t\t\t<p>Durante estos a\u00f1os, Josep M\u00aa Fericgla ha dado vida a su propio blog personal en el cual expresa desde un prisma de experiencias y profesionalidad las diferentes \u00e1reas del desarrollo del ser humano.\u00a0<\/p>\t\t\t\t\t\t\t\t<\/div>\n\t\t\t\t<\/div>\n\t\t\t\t<div class=\"elementor-element elementor-element-b9a6c49 elementor-align-left elementor-widget elementor-widget-button\" data-id=\"b9a6c49\" data-element_type=\"widget\" data-e-type=\"widget\" data-widget_type=\"button.default\">\n\t\t\t\t<div class=\"elementor-widget-container\">\n\t\t\t\t\t\t\t\t\t<div class=\"elementor-button-wrapper\">\n\t\t\t\t\t<a class=\"elementor-button elementor-button-link elementor-size-sm\" href=\"https:\/\/josepmfericgla.org\/blog\/\" target=\"_blank\" rel=\"nofollow\">\n\t\t\t\t\t\t<span class=\"elementor-button-content-wrapper\">\n\t\t\t\t\t\t\t\t\t<span class=\"elementor-button-text\">ADENTRARME EN EL BLOG<\/span>\n\t\t\t\t\t<\/span>\n\t\t\t\t\t<\/a>\n\t\t\t\t<\/div>\n\t\t\t\t\t\t\t\t<\/div>\n\t\t\t\t<\/div>\n\t\t\t\t<\/div>\n\t\t\t\t<\/div>\n\t\t<div class=\"elementor-element elementor-element-5f830ac e-con-full e-flex e-con e-parent\" data-id=\"5f830ac\" data-element_type=\"container\" data-e-type=\"container\" data-settings=\"{&quot;background_background&quot;:&quot;classic&quot;}\">\n\t\t<div class=\"elementor-element elementor-element-d47064c e-con-full e-flex e-con e-child\" data-id=\"d47064c\" data-element_type=\"container\" data-e-type=\"container\" data-settings=\"{&quot;background_background&quot;:&quot;classic&quot;}\">\n\t\t\t\t<div class=\"elementor-element elementor-element-9a3216e elementor-absolute elementor-view-default elementor-widget elementor-widget-icon\" data-id=\"9a3216e\" data-element_type=\"widget\" data-e-type=\"widget\" data-settings=\"{&quot;_position&quot;:&quot;absolute&quot;}\" data-widget_type=\"icon.default\">\n\t\t\t\t<div class=\"elementor-widget-container\">\n\t\t\t\t\t\t\t<div class=\"elementor-icon-wrapper\">\n\t\t\t<div class=\"elementor-icon\">\n\t\t\t<svg xmlns=\"http:\/\/www.w3.org\/2000\/svg\" xmlns:xlink=\"http:\/\/www.w3.org\/1999\/xlink\" id=\"Capa_1\" x=\"0px\" y=\"0px\" viewBox=\"0 0 32 32\" style=\"enable-background:new 0 0 32 32;\" xml:space=\"preserve\"><g><g id=\"right_x5F_quote\"><g><path style=\"fill:#030104;\" d=\"M0,4v12h8c0,4.41-3.586,8-8,8v4c6.617,0,12-5.383,12-12V4H0z\"><\/path><path style=\"fill:#030104;\" d=\"M20,4v12h8c0,4.41-3.586,8-8,8v4c6.617,0,12-5.383,12-12V4H20z\"><\/path><\/g><\/g><\/g><\/svg>\t\t\t<\/div>\n\t\t<\/div>\n\t\t\t\t\t\t<\/div>\n\t\t\t\t<\/div>\n\t\t\t\t<div class=\"elementor-element elementor-element-7360aff parrafo-Animate elementor-widget elementor-widget-text-editor\" data-id=\"7360aff\" data-element_type=\"widget\" data-e-type=\"widget\" data-widget_type=\"text-editor.default\">\n\t\t\t\t<div class=\"elementor-widget-container\">\n\t\t\t\t\t\t\t\t\t<p>El desarrollo de la consciencia implica forzosamente un desarrollo moral, est\u00e9tico, idiosincr\u00e1tico y espiritual del individuo y de los colectivos.<\/p><p>Reconocemos el valor supremo de la individualidad, sin menospreciar el peso de lo social. Valoramos la creatividad y la dimensi\u00f3n espiritual del ser humano como el espacio m\u00e1s elevado al que debemos tender.<\/p><p>Defendemos la total libertad responsable, en especial de consciencia y de comunicaci\u00f3n, como el contexto imprescindible para la evoluci\u00f3n y el encuentro entre individuos y entre colectivos.<\/p>\t\t\t\t\t\t\t\t<\/div>\n\t\t\t\t<\/div>\n\t\t\t\t<\/div>\n\t\t\t\t<\/div>\n\t\t\t\t<\/div>\n\t\t","protected":false},"excerpt":{"rendered":"<p>Dr. Josep M\u00aa Fericgla Josep M\u00aa Fericgla | fundador y director Nacido en Barcelona en 1955, se interes\u00f3 desde joven por la antropolog\u00eda y las experiencias trascendentales. Tras una experiencia espiritual a los 15 a\u00f1os, comenz\u00f3 a explorar diversas disciplinas, como la m\u00fasica y la psicolog\u00eda, hasta descubrir su verdadera vocaci\u00f3n en la antropolog\u00eda. Estudi\u00f3 [&hellip;]<\/p>\n","protected":false},"author":97231,"featured_media":0,"parent":0,"menu_order":8,"comment_status":"closed","ping_status":"closed","template":"elementor_header_footer","meta":{"_acf_changed":false,"footnotes":""},"class_list":["post-10525","page","type-page","status-publish","hentry"],"acf":[],"_links":{"self":[{"href":"https:\/\/canbenetvives.org\/english\/wp-json\/wp\/v2\/pages\/10525","targetHints":{"allow":["GET"]}}],"collection":[{"href":"https:\/\/canbenetvives.org\/english\/wp-json\/wp\/v2\/pages"}],"about":[{"href":"https:\/\/canbenetvives.org\/english\/wp-json\/wp\/v2\/types\/page"}],"author":[{"embeddable":true,"href":"https:\/\/canbenetvives.org\/english\/wp-json\/wp\/v2\/users\/97231"}],"replies":[{"embeddable":true,"href":"https:\/\/canbenetvives.org\/english\/wp-json\/wp\/v2\/comments?post=10525"}],"version-history":[{"count":0,"href":"https:\/\/canbenetvives.org\/english\/wp-json\/wp\/v2\/pages\/10525\/revisions"}],"wp:attachment":[{"href":"https:\/\/canbenetvives.org\/english\/wp-json\/wp\/v2\/media?parent=10525"}],"curies":[{"name":"wp","href":"https:\/\/api.w.org\/{rel}","templated":true}]}}