{"id":10529,"date":"2024-08-09T07:49:21","date_gmt":"2024-08-09T07:49:21","guid":{"rendered":"https:\/\/canbenetvives.org\/?page_id=10529"},"modified":"2024-08-30T15:22:24","modified_gmt":"2024-08-30T15:22:24","slug":"dona","status":"publish","type":"page","link":"https:\/\/canbenetvives.org\/english\/dona","title":{"rendered":"Donate"},"content":{"rendered":"\t\t<div data-elementor-type=\"wp-page\" data-elementor-id=\"10529\" class=\"elementor elementor-10529\" data-elementor-post-type=\"page\">\n\t\t\t\t<div class=\"elementor-element elementor-element-162ea59 e-con-full e-flex e-con e-parent\" data-id=\"162ea59\" data-element_type=\"container\" data-e-type=\"container\" data-settings=\"{&quot;background_background&quot;:&quot;classic&quot;,&quot;background_motion_fx_range&quot;:&quot;page&quot;,&quot;background_motion_fx_motion_fx_scrolling&quot;:&quot;yes&quot;,&quot;background_motion_fx_opacity_effect&quot;:&quot;yes&quot;,&quot;background_motion_fx_opacity_direction&quot;:&quot;in-out&quot;,&quot;background_motion_fx_opacity_level&quot;:{&quot;unit&quot;:&quot;px&quot;,&quot;size&quot;:10,&quot;sizes&quot;:[]},&quot;background_motion_fx_opacity_range&quot;:{&quot;unit&quot;:&quot;%&quot;,&quot;size&quot;:&quot;&quot;,&quot;sizes&quot;:{&quot;start&quot;:20,&quot;end&quot;:80}},&quot;background_motion_fx_devices&quot;:[&quot;widescreen&quot;,&quot;desktop&quot;,&quot;laptop&quot;,&quot;tablet_extra&quot;,&quot;tablet&quot;,&quot;mobile_extra&quot;,&quot;mobile&quot;]}\">\n\t\t\t\t<div class=\"elementor-element elementor-element-85e7ae0 titulo elementor-widget elementor-widget-heading\" data-id=\"85e7ae0\" data-element_type=\"widget\" data-e-type=\"widget\" data-widget_type=\"heading.default\">\n\t\t\t\t<div class=\"elementor-widget-container\">\n\t\t\t\t\t<h1 class=\"elementor-heading-title elementor-size-default\">Dona<\/h1>\t\t\t\t<\/div>\n\t\t\t\t<\/div>\n\t\t\t\t<\/div>\n\t\t<div class=\"elementor-element elementor-element-6e230df e-con-full e-flex e-con e-parent\" data-id=\"6e230df\" data-element_type=\"container\" data-e-type=\"container\">\n\t\t\t\t<div class=\"elementor-element elementor-element-429ca33 titulo-seccion elementor-widget elementor-widget-heading\" data-id=\"429ca33\" data-element_type=\"widget\" data-e-type=\"widget\" data-widget_type=\"heading.default\">\n\t\t\t\t<div class=\"elementor-widget-container\">\n\t\t\t\t\t<h2 class=\"elementor-heading-title elementor-size-default\">El campus Can Benet Vives<\/h2>\t\t\t\t<\/div>\n\t\t\t\t<\/div>\n\t\t\t\t<div class=\"elementor-element elementor-element-dfd107e parrafo-Animate elementor-widget elementor-widget-text-editor\" data-id=\"dfd107e\" data-element_type=\"widget\" data-e-type=\"widget\" data-widget_type=\"text-editor.default\">\n\t\t\t\t<div class=\"elementor-widget-container\">\n\t\t\t\t\t\t\t\t\tnecesita aportaciones externas para mantenerse, como casi todo centro dedicado al cultivo del mundo interno. Se sostiene gracias a las actividades propias, a las donaciones econ\u00f3micas que llegan a trav\u00e9s de la Fundaci\u00f3n J.M\u00aaF., al alquiler de las propias instalaciones y a la colaboraci\u00f3n de voluntarios que residen un tiempo en el campus.\t\t\t\t\t\t\t\t<\/div>\n\t\t\t\t<\/div>\n\t\t\t\t<div class=\"elementor-element elementor-element-da1b4f2 elementor-absolute elementor-widget elementor-widget-image\" data-id=\"da1b4f2\" data-element_type=\"widget\" data-e-type=\"widget\" data-settings=\"{&quot;_position&quot;:&quot;absolute&quot;}\" data-widget_type=\"image.default\">\n\t\t\t\t<div class=\"elementor-widget-container\">\n\t\t\t\t\t\t\t\t\t\t\t\t\t\t\t<img decoding=\"async\" width=\"150\" height=\"150\" src=\"https:\/\/canbenetvives.org\/wp-content\/uploads\/2024\/08\/simbolos-25.png\" class=\"attachment-full size-full wp-image-12874\" alt=\"\" \/>\t\t\t\t\t\t\t\t\t\t\t\t\t\t\t<\/div>\n\t\t\t\t<\/div>\n\t\t\t\t<\/div>\n\t\t<div class=\"elementor-element elementor-element-32e3ca7 e-con-full e-flex e-con e-parent\" data-id=\"32e3ca7\" data-element_type=\"container\" data-e-type=\"container\" data-settings=\"{&quot;background_background&quot;:&quot;classic&quot;}\">\n\t\t<div class=\"elementor-element elementor-element-9e2cd7a e-con-full e-flex e-con e-child\" data-id=\"9e2cd7a\" data-element_type=\"container\" data-e-type=\"container\">\n\t\t\t\t<div class=\"elementor-element elementor-element-407d1ba titulo-seccion elementor-widget elementor-widget-heading\" data-id=\"407d1ba\" data-element_type=\"widget\" data-e-type=\"widget\" data-widget_type=\"heading.default\">\n\t\t\t\t<div class=\"elementor-widget-container\">\n\t\t\t\t\t<h2 class=\"elementor-heading-title elementor-size-default\">Donante protector<\/h2>\t\t\t\t<\/div>\n\t\t\t\t<\/div>\n\t\t\t\t<div class=\"elementor-element elementor-element-66ac159 parrafo-Animate elementor-widget elementor-widget-text-editor\" data-id=\"66ac159\" data-element_type=\"widget\" data-e-type=\"widget\" data-widget_type=\"text-editor.default\">\n\t\t\t\t<div class=\"elementor-widget-container\">\n\t\t\t\t\t\t\t\t\t<p>Si te interesa el proyecto y quieres colaborar en nuestra misi\u00f3n, puedes realizar una donaci\u00f3n \u00fanica de la cantidad dineraria que decidas.<\/p><p>Se te informar\u00e1 del proyecto al que se destina tu donaci\u00f3n y recibir\u00e1s el certificado de donante de la Fundaci\u00f3n, que te permite desgravar en la declaraci\u00f3n anual de impuestos.<\/p><p>Para ello, haz clic en el siguiente bot\u00f3n y rellena tu solicitud con tu correo electr\u00f3nico y en breve recibir\u00e1s un email con los datos para llevarla a cabo. \u00a1Gracias!<\/p>\t\t\t\t\t\t\t\t<\/div>\n\t\t\t\t<\/div>\n\t\t\t\t<div class=\"elementor-element elementor-element-1bece1d elementor-align-left elementor-widget elementor-widget-button\" data-id=\"1bece1d\" data-element_type=\"widget\" data-e-type=\"widget\" data-widget_type=\"button.default\">\n\t\t\t\t<div class=\"elementor-widget-container\">\n\t\t\t\t\t\t\t\t\t<div class=\"elementor-button-wrapper\">\n\t\t\t\t\t<a class=\"elementor-button elementor-button-link elementor-size-sm\" href=\"#elementor-action%3Aaction%3Dpopup%3Aopen%26settings%3DeyJpZCI6IjEyNjM4IiwidG9nZ2xlIjpmYWxzZX0%3D\">\n\t\t\t\t\t\t<span class=\"elementor-button-content-wrapper\">\n\t\t\t\t\t\t\t\t\t<span class=\"elementor-button-text\">CONTACTO<\/span>\n\t\t\t\t\t<\/span>\n\t\t\t\t\t<\/a>\n\t\t\t\t<\/div>\n\t\t\t\t\t\t\t\t<\/div>\n\t\t\t\t<\/div>\n\t\t\t\t<\/div>\n\t\t<div class=\"elementor-element elementor-element-c9c4ec6 e-con-full e-flex e-con e-child\" data-id=\"c9c4ec6\" data-element_type=\"container\" data-e-type=\"container\" data-settings=\"{&quot;background_background&quot;:&quot;slideshow&quot;,&quot;background_slideshow_gallery&quot;:[{&quot;id&quot;:11235,&quot;url&quot;:&quot;https:\\\/\\\/canbenetvives.org\\\/wp-content\\\/uploads\\\/2024\\\/08\\\/DSC6219.jpg&quot;},{&quot;id&quot;:11241,&quot;url&quot;:&quot;https:\\\/\\\/canbenetvives.org\\\/wp-content\\\/uploads\\\/2024\\\/08\\\/DSC5430.jpg&quot;},{&quot;id&quot;:11233,&quot;url&quot;:&quot;https:\\\/\\\/canbenetvives.org\\\/wp-content\\\/uploads\\\/2024\\\/08\\\/DSC6208.jpg&quot;}],&quot;background_slideshow_slide_duration&quot;:4500,&quot;background_slideshow_ken_burns&quot;:&quot;yes&quot;,&quot;background_slideshow_ken_burns_zoom_direction&quot;:&quot;out&quot;,&quot;background_slideshow_loop&quot;:&quot;yes&quot;,&quot;background_slideshow_slide_transition&quot;:&quot;fade&quot;,&quot;background_slideshow_transition_duration&quot;:500}\">\n\t\t\t\t<\/div>\n\t\t\t\t<\/div>\n\t\t\t\t<\/div>\n\t\t","protected":false},"excerpt":{"rendered":"<p>Dona El campus Can Benet Vives necesita aportaciones externas para mantenerse, como casi todo centro dedicado al cultivo del mundo interno. Se sostiene gracias a las actividades propias, a las donaciones econ\u00f3micas que llegan a trav\u00e9s de la Fundaci\u00f3n J.M\u00aaF., al alquiler de las propias instalaciones y a la colaboraci\u00f3n de voluntarios que residen un [&hellip;]<\/p>\n","protected":false},"author":97231,"featured_media":0,"parent":0,"menu_order":6,"comment_status":"closed","ping_status":"closed","template":"elementor_header_footer","meta":{"_acf_changed":false,"footnotes":""},"class_list":["post-10529","page","type-page","status-publish","hentry"],"acf":[],"_links":{"self":[{"href":"https:\/\/canbenetvives.org\/english\/wp-json\/wp\/v2\/pages\/10529","targetHints":{"allow":["GET"]}}],"collection":[{"href":"https:\/\/canbenetvives.org\/english\/wp-json\/wp\/v2\/pages"}],"about":[{"href":"https:\/\/canbenetvives.org\/english\/wp-json\/wp\/v2\/types\/page"}],"author":[{"embeddable":true,"href":"https:\/\/canbenetvives.org\/english\/wp-json\/wp\/v2\/users\/97231"}],"replies":[{"embeddable":true,"href":"https:\/\/canbenetvives.org\/english\/wp-json\/wp\/v2\/comments?post=10529"}],"version-history":[{"count":0,"href":"https:\/\/canbenetvives.org\/english\/wp-json\/wp\/v2\/pages\/10529\/revisions"}],"wp:attachment":[{"href":"https:\/\/canbenetvives.org\/english\/wp-json\/wp\/v2\/media?parent=10529"}],"curies":[{"name":"wp","href":"https:\/\/api.w.org\/{rel}","templated":true}]}}