{"id":10539,"date":"2024-08-09T08:10:47","date_gmt":"2024-08-09T08:10:47","guid":{"rendered":"https:\/\/canbenetvives.org\/?page_id=10539"},"modified":"2024-08-27T10:10:24","modified_gmt":"2024-08-27T10:10:24","slug":"aviso-legal","status":"publish","type":"page","link":"https:\/\/canbenetvives.org\/english\/aviso-legal","title":{"rendered":"aviso legal"},"content":{"rendered":"\t\t<div data-elementor-type=\"wp-page\" data-elementor-id=\"10539\" class=\"elementor elementor-10539\" data-elementor-post-type=\"page\">\n\t\t\t\t<div class=\"elementor-element elementor-element-71fb72d e-con-full e-flex e-con e-parent\" data-id=\"71fb72d\" data-element_type=\"container\" data-e-type=\"container\" data-settings=\"{&quot;background_background&quot;:&quot;classic&quot;,&quot;background_motion_fx_range&quot;:&quot;page&quot;,&quot;background_motion_fx_motion_fx_scrolling&quot;:&quot;yes&quot;,&quot;background_motion_fx_opacity_effect&quot;:&quot;yes&quot;,&quot;background_motion_fx_opacity_direction&quot;:&quot;in-out&quot;,&quot;background_motion_fx_opacity_level&quot;:{&quot;unit&quot;:&quot;px&quot;,&quot;size&quot;:10,&quot;sizes&quot;:[]},&quot;background_motion_fx_opacity_range&quot;:{&quot;unit&quot;:&quot;%&quot;,&quot;size&quot;:&quot;&quot;,&quot;sizes&quot;:{&quot;start&quot;:20,&quot;end&quot;:80}},&quot;background_motion_fx_devices&quot;:[&quot;widescreen&quot;,&quot;desktop&quot;,&quot;laptop&quot;,&quot;tablet_extra&quot;,&quot;tablet&quot;,&quot;mobile_extra&quot;,&quot;mobile&quot;]}\">\n\t\t\t\t<div class=\"elementor-element elementor-element-984e37a titulo elementor-widget elementor-widget-heading\" data-id=\"984e37a\" data-element_type=\"widget\" data-e-type=\"widget\" data-widget_type=\"heading.default\">\n\t\t\t\t<div class=\"elementor-widget-container\">\n\t\t\t\t\t<h1 class=\"elementor-heading-title elementor-size-default\">Aviso legal<\/h1>\t\t\t\t<\/div>\n\t\t\t\t<\/div>\n\t\t\t\t<\/div>\n\t\t<div class=\"elementor-element elementor-element-e092499 e-con-full e-flex e-con e-parent\" data-id=\"e092499\" data-element_type=\"container\" data-e-type=\"container\">\n\t\t\t\t<div class=\"elementor-element elementor-element-8129a88 titulo-seccion elementor-widget elementor-widget-heading\" data-id=\"8129a88\" data-element_type=\"widget\" data-e-type=\"widget\" data-widget_type=\"heading.default\">\n\t\t\t\t<div class=\"elementor-widget-container\">\n\t\t\t\t\t<h2 class=\"elementor-heading-title elementor-size-default\">La Fundaci\u00f3 J.M\u00aa Fericgla<\/h2>\t\t\t\t<\/div>\n\t\t\t\t<\/div>\n\t\t\t\t<div class=\"elementor-element elementor-element-04e756c parrafo-Animate elementor-widget elementor-widget-text-editor\" data-id=\"04e756c\" data-element_type=\"widget\" data-e-type=\"widget\" data-widget_type=\"text-editor.default\">\n\t\t\t\t<div class=\"elementor-widget-container\">\n\t\t\t\t\t\t\t\t\t<p>est\u00e1 completamente comprometida con el respeto de la privacidad de sus usuarios y realiza todos los esfuerzos disponibles para mantener seguros aquellos datos de car\u00e1cter personal que le sean suministrados.<br \/>Cumpliendo con el deber de informaci\u00f3n recogido en art\u00edculo 10 de la Ley 34\/2002, de 11 de julio, de Servicios de la Sociedad de la Informaci\u00f3n y del Comercio Electr\u00f3nico, a continuaci\u00f3n se hace constar:<\/p>\t\t\t\t\t\t\t\t<\/div>\n\t\t\t\t<\/div>\n\t\t\t\t<div class=\"elementor-element elementor-element-d3102aa elementor-widget-divider--view-line elementor-widget elementor-widget-divider\" data-id=\"d3102aa\" data-element_type=\"widget\" data-e-type=\"widget\" data-widget_type=\"divider.default\">\n\t\t\t\t<div class=\"elementor-widget-container\">\n\t\t\t\t\t\t\t<div class=\"elementor-divider\">\n\t\t\t<span class=\"elementor-divider-separator\">\n\t\t\t\t\t\t<\/span>\n\t\t<\/div>\n\t\t\t\t\t\t<\/div>\n\t\t\t\t<\/div>\n\t\t\t\t<div class=\"elementor-element elementor-element-31f829c titulo-seccion elementor-widget elementor-widget-heading\" data-id=\"31f829c\" data-element_type=\"widget\" data-e-type=\"widget\" data-widget_type=\"heading.default\">\n\t\t\t\t<div class=\"elementor-widget-container\">\n\t\t\t\t\t<h2 class=\"elementor-heading-title elementor-size-default\">Titular y Responsable del tratamiento de los Datos<\/h2>\t\t\t\t<\/div>\n\t\t\t\t<\/div>\n\t\t\t\t<div class=\"elementor-element elementor-element-79eed93 parrafo-Animate elementor-widget elementor-widget-text-editor\" data-id=\"79eed93\" data-element_type=\"widget\" data-e-type=\"widget\" data-widget_type=\"text-editor.default\">\n\t\t\t\t<div class=\"elementor-widget-container\">\n\t\t\t\t\t\t\t\t\t<p>Fundaci\u00f3 J.M\u00aa Fericgla y Campus Benet Vives<\/p><p>Ap. de correos 90<\/p><p>08370-Calella, Barcelona<\/p><p>Correo electr\u00f3nico de contacto del Titular: info@etnopsico.org<\/p>\t\t\t\t\t\t\t\t<\/div>\n\t\t\t\t<\/div>\n\t\t\t\t<div class=\"elementor-element elementor-element-e974614 elementor-widget-divider--view-line elementor-widget elementor-widget-divider\" data-id=\"e974614\" data-element_type=\"widget\" data-e-type=\"widget\" data-widget_type=\"divider.default\">\n\t\t\t\t<div class=\"elementor-widget-container\">\n\t\t\t\t\t\t\t<div class=\"elementor-divider\">\n\t\t\t<span class=\"elementor-divider-separator\">\n\t\t\t\t\t\t<\/span>\n\t\t<\/div>\n\t\t\t\t\t\t<\/div>\n\t\t\t\t<\/div>\n\t\t\t\t<div class=\"elementor-element elementor-element-b9f3e25 titulo-seccion elementor-widget elementor-widget-heading\" data-id=\"b9f3e25\" data-element_type=\"widget\" data-e-type=\"widget\" data-widget_type=\"heading.default\">\n\t\t\t\t<div class=\"elementor-widget-container\">\n\t\t\t\t\t<h2 class=\"elementor-heading-title elementor-size-default\">Finalidad de la p\u00e1gina web<\/h2>\t\t\t\t<\/div>\n\t\t\t\t<\/div>\n\t\t\t\t<div class=\"elementor-element elementor-element-82c8efa parrafo-Animate elementor-widget elementor-widget-text-editor\" data-id=\"82c8efa\" data-element_type=\"widget\" data-e-type=\"widget\" data-widget_type=\"text-editor.default\">\n\t\t\t\t<div class=\"elementor-widget-container\">\n\t\t\t\t\t\t\t\t\t<p>Los servicios prestados por el responsable de la p\u00e1gina web son los siguientes:<\/p><p>La informaci\u00f3n relevante al centro Can Benet Vives<\/p><p>La recepci\u00f3n de formularios de contacto y gestiones afines al proyecto<\/p><p>Gestionar la lista de suscriptores a la newsletter<br \/><br \/><\/p>\t\t\t\t\t\t\t\t<\/div>\n\t\t\t\t<\/div>\n\t\t\t\t<div class=\"elementor-element elementor-element-ce1009e elementor-widget-divider--view-line elementor-widget elementor-widget-divider\" data-id=\"ce1009e\" data-element_type=\"widget\" data-e-type=\"widget\" data-widget_type=\"divider.default\">\n\t\t\t\t<div class=\"elementor-widget-container\">\n\t\t\t\t\t\t\t<div class=\"elementor-divider\">\n\t\t\t<span class=\"elementor-divider-separator\">\n\t\t\t\t\t\t<\/span>\n\t\t<\/div>\n\t\t\t\t\t\t<\/div>\n\t\t\t\t<\/div>\n\t\t\t\t<div class=\"elementor-element elementor-element-dc23bd6 elementor-absolute elementor-widget elementor-widget-image\" data-id=\"dc23bd6\" data-element_type=\"widget\" data-e-type=\"widget\" data-settings=\"{&quot;_position&quot;:&quot;absolute&quot;}\" data-widget_type=\"image.default\">\n\t\t\t\t<div class=\"elementor-widget-container\">\n\t\t\t\t\t\t\t\t\t\t\t\t\t\t\t<img fetchpriority=\"high\" decoding=\"async\" width=\"500\" height=\"507\" src=\"https:\/\/canbenetvives.org\/wp-content\/uploads\/2024\/08\/simbolos-19.png\" class=\"attachment-full size-full wp-image-12918\" alt=\"\" srcset=\"https:\/\/canbenetvives.org\/wp-content\/uploads\/2024\/08\/simbolos-19.png 500w, https:\/\/canbenetvives.org\/wp-content\/uploads\/2024\/08\/simbolos-19-296x300.png 296w, https:\/\/canbenetvives.org\/wp-content\/uploads\/2024\/08\/simbolos-19-480x487.png 480w\" sizes=\"(max-width: 500px) 100vw, 500px\" \/>\t\t\t\t\t\t\t\t\t\t\t\t\t\t\t<\/div>\n\t\t\t\t<\/div>\n\t\t\t\t<\/div>\n\t\t\t\t<\/div>\n\t\t","protected":false},"excerpt":{"rendered":"<p>Aviso legal La Fundaci\u00f3 J.M\u00aa Fericgla est\u00e1 completamente comprometida con el respeto de la privacidad de sus usuarios y realiza todos los esfuerzos disponibles para mantener seguros aquellos datos de car\u00e1cter personal que le sean suministrados.Cumpliendo con el deber de informaci\u00f3n recogido en art\u00edculo 10 de la Ley 34\/2002, de 11 de julio, de Servicios [&hellip;]<\/p>\n","protected":false},"author":97231,"featured_media":0,"parent":0,"menu_order":3,"comment_status":"closed","ping_status":"closed","template":"elementor_header_footer","meta":{"_acf_changed":false,"footnotes":""},"class_list":["post-10539","page","type-page","status-publish","hentry"],"acf":[],"_links":{"self":[{"href":"https:\/\/canbenetvives.org\/english\/wp-json\/wp\/v2\/pages\/10539","targetHints":{"allow":["GET"]}}],"collection":[{"href":"https:\/\/canbenetvives.org\/english\/wp-json\/wp\/v2\/pages"}],"about":[{"href":"https:\/\/canbenetvives.org\/english\/wp-json\/wp\/v2\/types\/page"}],"author":[{"embeddable":true,"href":"https:\/\/canbenetvives.org\/english\/wp-json\/wp\/v2\/users\/97231"}],"replies":[{"embeddable":true,"href":"https:\/\/canbenetvives.org\/english\/wp-json\/wp\/v2\/comments?post=10539"}],"version-history":[{"count":0,"href":"https:\/\/canbenetvives.org\/english\/wp-json\/wp\/v2\/pages\/10539\/revisions"}],"wp:attachment":[{"href":"https:\/\/canbenetvives.org\/english\/wp-json\/wp\/v2\/media?parent=10539"}],"curies":[{"name":"wp","href":"https:\/\/api.w.org\/{rel}","templated":true}]}}